{"id":6940,"date":"2024-10-31T23:43:23","date_gmt":"2024-10-31T12:43:23","guid":{"rendered":"https:\/\/iwgwomenandsport.org\/?page_id=6940"},"modified":"2025-03-20T06:52:56","modified_gmt":"2025-03-19T19:52:56","slug":"iwg-annual-reports","status":"publish","type":"page","link":"https:\/\/old.iwgwomenandsport.org\/ar\/about\/iwg-strategic-plan\/iwg-annual-reports\/","title":{"rendered":"IWG Annual Reports"},"content":{"rendered":"<p><img loading=\"lazy\" decoding=\"async\" class=\"aligncenter wp-image-7492 size-full\" src=\"https:\/\/old.iwgwomenandsport.org\/wp-content\/uploads\/2024\/11\/IWG-Main-Website-page-header-images-10.jpg\" alt=\"\" width=\"1920\" height=\"600\" srcset=\"https:\/\/old.iwgwomenandsport.org\/wp-content\/uploads\/2024\/11\/IWG-Main-Website-page-header-images-10.jpg 1920w, https:\/\/old.iwgwomenandsport.org\/wp-content\/uploads\/2024\/11\/IWG-Main-Website-page-header-images-10-300x94.jpg 300w, https:\/\/old.iwgwomenandsport.org\/wp-content\/uploads\/2024\/11\/IWG-Main-Website-page-header-images-10-1024x320.jpg 1024w, https:\/\/old.iwgwomenandsport.org\/wp-content\/uploads\/2024\/11\/IWG-Main-Website-page-header-images-10-768x240.jpg 768w, https:\/\/old.iwgwomenandsport.org\/wp-content\/uploads\/2024\/11\/IWG-Main-Website-page-header-images-10-1536x480.jpg 1536w, https:\/\/old.iwgwomenandsport.org\/wp-content\/uploads\/2024\/11\/IWG-Main-Website-page-header-images-10-18x6.jpg 18w, https:\/\/old.iwgwomenandsport.org\/wp-content\/uploads\/2024\/11\/IWG-Main-Website-page-header-images-10-160x50.jpg 160w, https:\/\/old.iwgwomenandsport.org\/wp-content\/uploads\/2024\/11\/IWG-Main-Website-page-header-images-10-50x16.jpg 50w, https:\/\/old.iwgwomenandsport.org\/wp-content\/uploads\/2024\/11\/IWG-Main-Website-page-header-images-10-100x31.jpg 100w, https:\/\/old.iwgwomenandsport.org\/wp-content\/uploads\/2024\/11\/IWG-Main-Website-page-header-images-10-30x9.jpg 30w, https:\/\/old.iwgwomenandsport.org\/wp-content\/uploads\/2024\/11\/IWG-Main-Website-page-header-images-10-200x63.jpg 200w, https:\/\/old.iwgwomenandsport.org\/wp-content\/uploads\/2024\/11\/IWG-Main-Website-page-header-images-10-250x78.jpg 250w, https:\/\/old.iwgwomenandsport.org\/wp-content\/uploads\/2024\/11\/IWG-Main-Website-page-header-images-10-255x80.jpg 255w\" sizes=\"auto, (max-width: 1920px) 100vw, 1920px\" \/><\/p>\n<p><span style=\"font-family: helvetica, arial, sans-serif;\"><strong>Each year, the IWG Women and Sport Secretariat will produce an annual report charting significant events, activities and performance, in line with the <a href=\"https:\/\/iwgwomenandsport.org\/about\/iwg-strategic-plan\/\" target=\"_blank\" rel=\"noopener\">IWG Strategic Plan<\/a>.\u00a0<\/strong><\/span><\/p>\n<p><span style=\"font-family: helvetica, arial, sans-serif;\">The <a href=\"https:\/\/iwgwomenandsport.org\/about\/iwg-secretariat\/\">IWG Secretariat<\/a> is currently hosted in the UK, and the UK Secretariat will share each IWG Annual Report as they are published. Each report will be available in English, French and Spanish.\u00a0<\/span><\/p>\n<hr \/>\n<p><img loading=\"lazy\" decoding=\"async\" class=\"alignnone wp-image-6949 size-large\" src=\"https:\/\/old.iwgwomenandsport.org\/wp-content\/uploads\/2024\/02\/IWG-Year-One-report-image-1024x719.jpg\" alt=\"Cover image from the IWG Year One Report. Blue design with a photo of a woman wheelchair basketball athlete on the right, On the left, the text: 'IWG Women and Sport: Year One Report'\" width=\"1024\" height=\"719\" srcset=\"https:\/\/old.iwgwomenandsport.org\/wp-content\/uploads\/2024\/02\/IWG-Year-One-report-image-1024x719.jpg 1024w, https:\/\/old.iwgwomenandsport.org\/wp-content\/uploads\/2024\/02\/IWG-Year-One-report-image-300x211.jpg 300w, https:\/\/old.iwgwomenandsport.org\/wp-content\/uploads\/2024\/02\/IWG-Year-One-report-image-768x540.jpg 768w, https:\/\/old.iwgwomenandsport.org\/wp-content\/uploads\/2024\/02\/IWG-Year-One-report-image-18x12.jpg 18w, https:\/\/old.iwgwomenandsport.org\/wp-content\/uploads\/2024\/02\/IWG-Year-One-report-image-71x50.jpg 71w, https:\/\/old.iwgwomenandsport.org\/wp-content\/uploads\/2024\/02\/IWG-Year-One-report-image-50x35.jpg 50w, https:\/\/old.iwgwomenandsport.org\/wp-content\/uploads\/2024\/02\/IWG-Year-One-report-image-30x21.jpg 30w, https:\/\/old.iwgwomenandsport.org\/wp-content\/uploads\/2024\/02\/IWG-Year-One-report-image-142x100.jpg 142w, https:\/\/old.iwgwomenandsport.org\/wp-content\/uploads\/2024\/02\/IWG-Year-One-report-image-213x150.jpg 213w, https:\/\/old.iwgwomenandsport.org\/wp-content\/uploads\/2024\/02\/IWG-Year-One-report-image-285x200.jpg 285w, https:\/\/old.iwgwomenandsport.org\/wp-content\/uploads\/2024\/02\/IWG-Year-One-report-image-157x110.jpg 157w, https:\/\/old.iwgwomenandsport.org\/wp-content\/uploads\/2024\/02\/IWG-Year-One-report-image-255x179.jpg 255w, https:\/\/old.iwgwomenandsport.org\/wp-content\/uploads\/2024\/02\/IWG-Year-One-report-image-118x83.jpg 118w, https:\/\/old.iwgwomenandsport.org\/wp-content\/uploads\/2024\/02\/IWG-Year-One-report-image-250x176.jpg 250w, https:\/\/old.iwgwomenandsport.org\/wp-content\/uploads\/2024\/02\/IWG-Year-One-report-image.jpg 1261w\" sizes=\"auto, (max-width: 1024px) 100vw, 1024px\" \/><\/p>\n<h3><span style=\"font-family: helvetica, arial, sans-serif;\">IWG \u2013 Year One Report<\/span><\/h3>\n<p><span style=\"font-family: helvetica, arial, sans-serif;\">Our Year One Report reflects on the IWG\u2019s activities and performance in the secretariat\u2019s first year of operation within the UK.<\/span><\/p>\n<ul>\n<li><span style=\"font-family: helvetica, arial, sans-serif;\"><a href=\"https:\/\/old.iwgwomenandsport.org\/wp-content\/uploads\/2024\/02\/IWG_YearOneReport_ENG.pdf\" target=\"_blank\" rel=\"noopener\">Read the Year One Report<\/a><\/span><\/li>\n<\/ul>\n<h3><span style=\"font-family: helvetica, arial, sans-serif;\">IWG \u2013 Rapport de la premi\u00e8re ann\u00e9e<\/span><\/h3>\n<p><span style=\"font-family: helvetica, arial, sans-serif;\">Notre rapport de la premi\u00e8re ann\u00e9e refl\u00e8te les activit\u00e9s et les performances de l\u2019IWG au cours de la premi\u00e8re ann\u00e9e de fonctionnement du secr\u00e9tariat au Royaume-Uni.<\/span><\/p>\n<ul>\n<li><span style=\"font-family: helvetica, arial, sans-serif;\"><a href=\"https:\/\/old.iwgwomenandsport.org\/wp-content\/uploads\/2024\/02\/IWG_YearOneReport_FR.pdf\" target=\"_blank\" rel=\"noopener\">Rapport de la premi\u00e8re ann\u00e9e<\/a><\/span><\/li>\n<\/ul>\n<h3><span style=\"font-family: helvetica, arial, sans-serif;\">IWG \u2013 Informe del primer a\u00f1o<\/span><\/h3>\n<p><span style=\"font-family: helvetica, arial, sans-serif;\">Nuestro informe del primer a\u00f1o refleja las actividades y el desempe\u00f1o del IWG durante el primer a\u00f1o de funcionamiento de la secretar\u00eda en el Reino Unido.<\/span><\/p>\n<ul>\n<li><span style=\"font-family: helvetica, arial, sans-serif;\"><a href=\"https:\/\/old.iwgwomenandsport.org\/wp-content\/uploads\/2024\/02\/IWG_YearOneReport_ES.pdf\" target=\"_blank\" rel=\"noopener\">Informe del primer a\u00f1o<\/a><\/span><\/li>\n<\/ul>\n<h2><strong>Year 2\u00a0<\/strong><\/h2>\n<p>Our Year Two Annual Report reflects on the IWG\u2019s activities and performance in the Secretariat\u2019s second year of operation within the UK.<\/p>\n<p><a href=\"https:\/\/old.iwgwomenandsport.org\/wp-content\/uploads\/2025\/03\/IWG_YearTwoReport_Web_ENG.pdf\">IWG Year Two Report &#8211; English<\/a><\/p>\n<p><strong data-start=\"77\" data-end=\"110\">IWG \u2013 Informe del segundo a\u00f1o<\/strong><\/p>\n<p>Nuestro informe del segundo a\u00f1o refleja las actividades y el desempe\u00f1o del IWG durante el segundo a\u00f1o de funcionamiento de la secretar\u00eda en el Reino Unido.<\/p>\n<p><a href=\"https:\/\/old.iwgwomenandsport.org\/wp-content\/uploads\/2025\/03\/IWG_YearTwoReport_Web_ESP.pdf\">IWG Year Two Report &#8211; Spanish<\/a><\/p>\n<p><strong data-start=\"87\" data-end=\"125\">IWG \u2013 Rapport de la deuxi\u00e8me ann\u00e9e<\/strong><\/p>\n<p>Notre rapport de la deuxi\u00e8me ann\u00e9e refl\u00e8te les activit\u00e9s et les performances de l\u2019IWG au cours de la deuxi\u00e8me ann\u00e9e de fonctionnement du secr\u00e9tariat au Royaume-Uni.<\/p>\n<p><a href=\"https:\/\/old.iwgwomenandsport.org\/wp-content\/uploads\/2025\/03\/IWG_YearTwoReport_Web_FRA.pdf\">IWG Year Two Report &#8211; French<\/a><\/p>\n<!-- AddThis Advanced Settings generic via filter on the_content --><!-- AddThis Share Buttons generic via filter on the_content -->","protected":false},"excerpt":{"rendered":"<p>Each year, the IWG Women and Sport Secretariat will produce an annual report charting significant events, activities and performance, in line with the IWG Strategic\u2026 <a href=\"https:\/\/old.iwgwomenandsport.org\/ar\/about\/iwg-strategic-plan\/iwg-annual-reports\/\">Read More &raquo;<\/a><\/p>","protected":false},"author":15,"featured_media":0,"parent":958,"menu_order":0,"comment_status":"closed","ping_status":"closed","template":"","meta":{"_acf_changed":false,"_monsterinsights_skip_tracking":false,"_monsterinsights_sitenote_active":false,"_monsterinsights_sitenote_note":"","_monsterinsights_sitenote_category":0,"footnotes":""},"class_list":["post-6940","page","type-page","status-publish","hentry"],"acf":[],"_links":{"self":[{"href":"https:\/\/old.iwgwomenandsport.org\/ar\/wp-json\/wp\/v2\/pages\/6940","targetHints":{"allow":["GET"]}}],"collection":[{"href":"https:\/\/old.iwgwomenandsport.org\/ar\/wp-json\/wp\/v2\/pages"}],"about":[{"href":"https:\/\/old.iwgwomenandsport.org\/ar\/wp-json\/wp\/v2\/types\/page"}],"author":[{"embeddable":true,"href":"https:\/\/old.iwgwomenandsport.org\/ar\/wp-json\/wp\/v2\/users\/15"}],"replies":[{"embeddable":true,"href":"https:\/\/old.iwgwomenandsport.org\/ar\/wp-json\/wp\/v2\/comments?post=6940"}],"version-history":[{"count":12,"href":"https:\/\/old.iwgwomenandsport.org\/ar\/wp-json\/wp\/v2\/pages\/6940\/revisions"}],"predecessor-version":[{"id":7711,"href":"https:\/\/old.iwgwomenandsport.org\/ar\/wp-json\/wp\/v2\/pages\/6940\/revisions\/7711"}],"up":[{"embeddable":true,"href":"https:\/\/old.iwgwomenandsport.org\/ar\/wp-json\/wp\/v2\/pages\/958"}],"wp:attachment":[{"href":"https:\/\/old.iwgwomenandsport.org\/ar\/wp-json\/wp\/v2\/media?parent=6940"}],"curies":[{"name":"wp","href":"https:\/\/api.w.org\/{rel}","templated":true}]}}