{"id":1203,"date":"2019-02-27T14:12:03","date_gmt":"2019-02-27T03:12:03","guid":{"rendered":"http:\/\/iwgwomenandsport.org\/?page_id=1203"},"modified":"2024-11-01T03:21:08","modified_gmt":"2024-10-31T16:21:08","slug":"secretariat-2018-2022","status":"publish","type":"page","link":"https:\/\/old.iwgwomenandsport.org\/es\/about\/iwg-secretariat\/secretariat-2018-2022\/","title":{"rendered":"New Zealand Secretariat 2018-2022"},"content":{"rendered":"<div id=\"attachment_938\" style=\"width: 310px\" class=\"wp-caption alignleft\"><img loading=\"lazy\" decoding=\"async\" aria-describedby=\"caption-attachment-938\" class=\"wp-image-938 size-medium\" src=\"https:\/\/old.iwgwomenandsport.org\/wp-content\/uploads\/2019\/02\/JP-RW-RF-with-Botswana-Delegation-300x211.jpg\" alt=\"\" width=\"300\" height=\"211\" srcset=\"https:\/\/old.iwgwomenandsport.org\/wp-content\/uploads\/2019\/02\/JP-RW-RF-with-Botswana-Delegation-300x211.jpg 300w, https:\/\/old.iwgwomenandsport.org\/wp-content\/uploads\/2019\/02\/JP-RW-RF-with-Botswana-Delegation-768x541.jpg 768w, https:\/\/old.iwgwomenandsport.org\/wp-content\/uploads\/2019\/02\/JP-RW-RF-with-Botswana-Delegation-1024x721.jpg 1024w, https:\/\/old.iwgwomenandsport.org\/wp-content\/uploads\/2019\/02\/JP-RW-RF-with-Botswana-Delegation-71x50.jpg 71w, https:\/\/old.iwgwomenandsport.org\/wp-content\/uploads\/2019\/02\/JP-RW-RF-with-Botswana-Delegation-50x35.jpg 50w, https:\/\/old.iwgwomenandsport.org\/wp-content\/uploads\/2019\/02\/JP-RW-RF-with-Botswana-Delegation-25x18.jpg 25w, https:\/\/old.iwgwomenandsport.org\/wp-content\/uploads\/2019\/02\/JP-RW-RF-with-Botswana-Delegation-142x100.jpg 142w, https:\/\/old.iwgwomenandsport.org\/wp-content\/uploads\/2019\/02\/JP-RW-RF-with-Botswana-Delegation-213x150.jpg 213w, https:\/\/old.iwgwomenandsport.org\/wp-content\/uploads\/2019\/02\/JP-RW-RF-with-Botswana-Delegation-284x200.jpg 284w, https:\/\/old.iwgwomenandsport.org\/wp-content\/uploads\/2019\/02\/JP-RW-RF-with-Botswana-Delegation-156x110.jpg 156w, https:\/\/old.iwgwomenandsport.org\/wp-content\/uploads\/2019\/02\/JP-RW-RF-with-Botswana-Delegation-255x180.jpg 255w\" sizes=\"auto, (max-width: 300px) 100vw, 300px\" \/><p id=\"caption-attachment-938\" class=\"wp-caption-text\">IWG Botswana handover to IWG New Zealand, 2018<\/p><\/div>\n<div id=\"attachment_940\" style=\"width: 328px\" class=\"wp-caption alignleft\"><img loading=\"lazy\" decoding=\"async\" aria-describedby=\"caption-attachment-940\" class=\"wp-image-940\" src=\"https:\/\/old.iwgwomenandsport.org\/wp-content\/uploads\/2019\/02\/170918WISPA11-300x200.jpg\" alt=\"\" width=\"318\" height=\"212\" srcset=\"https:\/\/old.iwgwomenandsport.org\/wp-content\/uploads\/2019\/02\/170918WISPA11-300x200.jpg 300w, https:\/\/old.iwgwomenandsport.org\/wp-content\/uploads\/2019\/02\/170918WISPA11-768x512.jpg 768w, https:\/\/old.iwgwomenandsport.org\/wp-content\/uploads\/2019\/02\/170918WISPA11-1024x682.jpg 1024w, https:\/\/old.iwgwomenandsport.org\/wp-content\/uploads\/2019\/02\/170918WISPA11-75x50.jpg 75w, https:\/\/old.iwgwomenandsport.org\/wp-content\/uploads\/2019\/02\/170918WISPA11-50x33.jpg 50w, https:\/\/old.iwgwomenandsport.org\/wp-content\/uploads\/2019\/02\/170918WISPA11-25x17.jpg 25w, https:\/\/old.iwgwomenandsport.org\/wp-content\/uploads\/2019\/02\/170918WISPA11-150x100.jpg 150w, https:\/\/old.iwgwomenandsport.org\/wp-content\/uploads\/2019\/02\/170918WISPA11-225x150.jpg 225w, https:\/\/old.iwgwomenandsport.org\/wp-content\/uploads\/2019\/02\/170918WISPA11-165x110.jpg 165w, https:\/\/old.iwgwomenandsport.org\/wp-content\/uploads\/2019\/02\/170918WISPA11-255x170.jpg 255w\" sizes=\"auto, (max-width: 318px) 100vw, 318px\" \/><p id=\"caption-attachment-940\" class=\"wp-caption-text\">IWG Co-Chairs Ruth Maphorisa (Botswana) and Raewyn Lovett (New Zealand)<\/p><\/div>\n<p><span style=\"font-family: helvetica, arial, sans-serif; font-size: 12pt;\">\u00a0\u00a0<\/span><\/p>\n<p>&nbsp;<\/p>\n<p>&nbsp;<\/p>\n<p>&nbsp;<\/p>\n<p>&nbsp;<\/p>\n<p>&nbsp;<\/p>\n<p>&nbsp;<\/p>\n<p>&nbsp;<\/p>\n<p><span style=\"font-family: helvetica, arial, sans-serif; font-size: 12pt;\">Following a competitive bid in 2018, New Zealand won the right to become international host nation for the IWG 2018 &#8211; 2022 quadrennial.<\/span><\/p>\n<p><span style=\"font-family: helvetica, arial, sans-serif; font-size: 12pt;\">The bid was led by New Zealand\u2019s leading research and advocacy agency for gender equity in sport and recreation, <a href=\"http:\/\/www.womeninsport.org.nz\" target=\"_blank\" rel=\"noopener noreferrer\">Women in Sport Aotearoa New Zealand<\/a>, in partnership with sport and active recreation government agency Sport New Zealand; plus the Ministry of Business, Innovation and Employment\u00a0(MBIE);\u00a0the Ministry for Women; Auckland Tourism, Events and Economic Development\u00a0(ATEED); Tourism New Zealand; and the New Zealand Olympic Committee (NZOC). <\/span><\/p>\n<p><span style=\"font-family: helvetica, arial, sans-serif; font-size: 12pt;\">In September 2018, a delegation from IWG Botswana visited Auckland, New Zealand, to\u00a0hand over the reins to Women in Sport Aotearoa New Zealand. From 1 October 2018, it became global delivery agent for the international <a href=\"https:\/\/old.iwgwomenandsport.org\/es\/about\/iwg-secretariat\/\">IWG Secretariat<\/a> programme and host for the 8th IWG World Conference that was delivered in T\u0101maki Makaurau, Auckland. <\/span><\/p>\n<p><span style=\"font-family: helvetica, arial, sans-serif; font-size: 12pt;\">Read the full conference report <a href=\"https:\/\/old.iwgwomenandsport.org\/wp-content\/uploads\/2023\/05\/The-Aotearoa-Legacy.pdf\">here<\/a> and watch the highlights below.<\/span><\/p>\n<p><iframe loading=\"lazy\" title=\"IWG 2022 Conference Highlights\" width=\"500\" height=\"281\" src=\"https:\/\/www.youtube.com\/embed\/c6Q52CLXlKs?feature=oembed\" frameborder=\"0\" allow=\"accelerometer; autoplay; clipboard-write; encrypted-media; gyroscope; picture-in-picture; web-share\" referrerpolicy=\"strict-origin-when-cross-origin\" allowfullscreen><\/iframe><\/p>\n<p><span style=\"font-size: 12pt; font-family: arial, helvetica, sans-serif;\">A First Nations Workshop was also delivered at the conference and hosted at \u014cr\u0101kei Marae by Women in Sport Aotearoa&#8217;s M\u0101ori R\u014dp\u016b (Indigenous Group). Watch the highlights below:<\/span><\/p>\n<p><iframe loading=\"lazy\" title=\"First Nations Workshop at IWG 2022\" width=\"500\" height=\"281\" src=\"https:\/\/www.youtube.com\/embed\/jSik68qUscc?feature=oembed\" frameborder=\"0\" allow=\"accelerometer; autoplay; clipboard-write; encrypted-media; gyroscope; picture-in-picture; web-share\" referrerpolicy=\"strict-origin-when-cross-origin\" allowfullscreen><\/iframe><\/p>\n<p><span style=\"font-family: helvetica, arial, sans-serif; font-size: 12pt;\">Women in Sport Aotearoa New Zealand was set-up in late 2016. It exists to transform society through leadership, research and advocacy, ensuring that all women and girls gain equity of opportunity to freely and safely participate, compete and build careers in sport and recreation. <a href=\"https:\/\/old.iwgwomenandsport.org\/es\/release-new-zealand-takes-the-reins-for-women-and-girls-sport-globally\/\">Read about the hand-over<\/a>.<\/span><\/p>\n<p><span style=\"font-family: helvetica, arial, sans-serif; font-size: 12pt;\">Women in Sport Aotearoa New Zealand has a strong Board which provides extensive support to the IWG Secretariat &amp; Conference. <a href=\"https:\/\/womeninsport.org.nz\/our-people-board\/\" target=\"_blank\" rel=\"noopener noreferrer\">Meet the Board<\/a>.<\/span><\/p>\n<hr \/>\n<h1><span style=\"font-size: 12pt; font-family: helvetica, arial, sans-serif;\">IWG <span style=\"font-family: helvetica, arial, sans-serif;\">Secretary<\/span> General &#8211; New Zealand Secretariat<\/span><\/h1>\n<p><img loading=\"lazy\" decoding=\"async\" class=\"alignnone size-medium wp-image-4861\" src=\"https:\/\/old.iwgwomenandsport.org\/wp-content\/uploads\/2021\/07\/IWG-Website-Programmes-13-300x300.jpg\" alt=\"\" width=\"300\" height=\"300\" srcset=\"https:\/\/old.iwgwomenandsport.org\/wp-content\/uploads\/2021\/07\/IWG-Website-Programmes-13-300x300.jpg 300w, https:\/\/old.iwgwomenandsport.org\/wp-content\/uploads\/2021\/07\/IWG-Website-Programmes-13-1024x1024.jpg 1024w, https:\/\/old.iwgwomenandsport.org\/wp-content\/uploads\/2021\/07\/IWG-Website-Programmes-13-150x150.jpg 150w, https:\/\/old.iwgwomenandsport.org\/wp-content\/uploads\/2021\/07\/IWG-Website-Programmes-13-768x768.jpg 768w, https:\/\/old.iwgwomenandsport.org\/wp-content\/uploads\/2021\/07\/IWG-Website-Programmes-13-12x12.jpg 12w, https:\/\/old.iwgwomenandsport.org\/wp-content\/uploads\/2021\/07\/IWG-Website-Programmes-13-50x50.jpg 50w, https:\/\/old.iwgwomenandsport.org\/wp-content\/uploads\/2021\/07\/IWG-Website-Programmes-13-30x30.jpg 30w, https:\/\/old.iwgwomenandsport.org\/wp-content\/uploads\/2021\/07\/IWG-Website-Programmes-13-100x100.jpg 100w, https:\/\/old.iwgwomenandsport.org\/wp-content\/uploads\/2021\/07\/IWG-Website-Programmes-13-200x200.jpg 200w, https:\/\/old.iwgwomenandsport.org\/wp-content\/uploads\/2021\/07\/IWG-Website-Programmes-13-110x110.jpg 110w, https:\/\/old.iwgwomenandsport.org\/wp-content\/uploads\/2021\/07\/IWG-Website-Programmes-13-360x360.jpg 360w, https:\/\/old.iwgwomenandsport.org\/wp-content\/uploads\/2021\/07\/IWG-Website-Programmes-13-83x83.jpg 83w, https:\/\/old.iwgwomenandsport.org\/wp-content\/uploads\/2021\/07\/IWG-Website-Programmes-13-250x250.jpg 250w, https:\/\/old.iwgwomenandsport.org\/wp-content\/uploads\/2021\/07\/IWG-Website-Programmes-13.jpg 1080w\" sizes=\"auto, (max-width: 300px) 100vw, 300px\" \/><\/p>\n<p><span style=\"font-family: helvetica, arial, sans-serif; font-size: 8pt;\"><em>Photo: Rachel Froggatt became IWG Secretary\u00a0General 2018 &#8211; 2022 in September 2018<\/em><\/span><\/p>\n<p><span style=\"font-family: helvetica, arial, sans-serif; font-size: 12pt;\">The global administrative function and conference delivery is led by the IWG Secretary General, appointed by the host nation at the start of each period.\u00a0<\/span><span style=\"font-family: helvetica, arial, sans-serif; font-size: 12pt;\">Experienced global sports leader, Rachel Froggatt, held the role from September 2018 to November 2022. Read about her <a href=\"https:\/\/iwgwomenandsport.org\/former-secretary-general\/\">here<\/a>.<\/span><\/p>\n<hr \/>\n<h1><span style=\"font-size: 12pt; font-family: helvetica, arial, sans-serif;\">IWG <span style=\"font-family: helvetica, arial, sans-serif;\">Secretariat<\/span> Team &#8211; New Zealand Secretariat<\/span><\/h1>\n<p><img loading=\"lazy\" decoding=\"async\" class=\"alignnone size-medium wp-image-4754\" src=\"https:\/\/old.iwgwomenandsport.org\/wp-content\/uploads\/2021\/07\/1-300x300.jpg\" alt=\"\" width=\"300\" height=\"300\" srcset=\"https:\/\/old.iwgwomenandsport.org\/wp-content\/uploads\/2021\/07\/1-300x300.jpg 300w, https:\/\/old.iwgwomenandsport.org\/wp-content\/uploads\/2021\/07\/1-1024x1024.jpg 1024w, https:\/\/old.iwgwomenandsport.org\/wp-content\/uploads\/2021\/07\/1-150x150.jpg 150w, https:\/\/old.iwgwomenandsport.org\/wp-content\/uploads\/2021\/07\/1-768x768.jpg 768w, https:\/\/old.iwgwomenandsport.org\/wp-content\/uploads\/2021\/07\/1-12x12.jpg 12w, https:\/\/old.iwgwomenandsport.org\/wp-content\/uploads\/2021\/07\/1-50x50.jpg 50w, https:\/\/old.iwgwomenandsport.org\/wp-content\/uploads\/2021\/07\/1-30x30.jpg 30w, https:\/\/old.iwgwomenandsport.org\/wp-content\/uploads\/2021\/07\/1-100x100.jpg 100w, https:\/\/old.iwgwomenandsport.org\/wp-content\/uploads\/2021\/07\/1-200x200.jpg 200w, https:\/\/old.iwgwomenandsport.org\/wp-content\/uploads\/2021\/07\/1-110x110.jpg 110w, https:\/\/old.iwgwomenandsport.org\/wp-content\/uploads\/2021\/07\/1-360x360.jpg 360w, https:\/\/old.iwgwomenandsport.org\/wp-content\/uploads\/2021\/07\/1-83x83.jpg 83w, https:\/\/old.iwgwomenandsport.org\/wp-content\/uploads\/2021\/07\/1-250x250.jpg 250w, https:\/\/old.iwgwomenandsport.org\/wp-content\/uploads\/2021\/07\/1.jpg 1080w\" sizes=\"auto, (max-width: 300px) 100vw, 300px\" \/>\u00a0<img loading=\"lazy\" decoding=\"async\" class=\"alignnone size-medium wp-image-4753\" src=\"https:\/\/old.iwgwomenandsport.org\/wp-content\/uploads\/2021\/07\/2-300x300.jpg\" alt=\"\" width=\"300\" height=\"300\" srcset=\"https:\/\/old.iwgwomenandsport.org\/wp-content\/uploads\/2021\/07\/2-300x300.jpg 300w, https:\/\/old.iwgwomenandsport.org\/wp-content\/uploads\/2021\/07\/2-1024x1024.jpg 1024w, https:\/\/old.iwgwomenandsport.org\/wp-content\/uploads\/2021\/07\/2-150x150.jpg 150w, https:\/\/old.iwgwomenandsport.org\/wp-content\/uploads\/2021\/07\/2-768x768.jpg 768w, https:\/\/old.iwgwomenandsport.org\/wp-content\/uploads\/2021\/07\/2-12x12.jpg 12w, https:\/\/old.iwgwomenandsport.org\/wp-content\/uploads\/2021\/07\/2-50x50.jpg 50w, https:\/\/old.iwgwomenandsport.org\/wp-content\/uploads\/2021\/07\/2-30x30.jpg 30w, https:\/\/old.iwgwomenandsport.org\/wp-content\/uploads\/2021\/07\/2-100x100.jpg 100w, https:\/\/old.iwgwomenandsport.org\/wp-content\/uploads\/2021\/07\/2-200x200.jpg 200w, https:\/\/old.iwgwomenandsport.org\/wp-content\/uploads\/2021\/07\/2-110x110.jpg 110w, https:\/\/old.iwgwomenandsport.org\/wp-content\/uploads\/2021\/07\/2-360x360.jpg 360w, https:\/\/old.iwgwomenandsport.org\/wp-content\/uploads\/2021\/07\/2-83x83.jpg 83w, https:\/\/old.iwgwomenandsport.org\/wp-content\/uploads\/2021\/07\/2-250x250.jpg 250w, https:\/\/old.iwgwomenandsport.org\/wp-content\/uploads\/2021\/07\/2.jpg 1080w\" sizes=\"auto, (max-width: 300px) 100vw, 300px\" \/> <img loading=\"lazy\" decoding=\"async\" class=\"alignnone size-medium wp-image-4752\" src=\"https:\/\/old.iwgwomenandsport.org\/wp-content\/uploads\/2021\/07\/3-300x300.jpg\" alt=\"\" width=\"300\" height=\"300\" srcset=\"https:\/\/old.iwgwomenandsport.org\/wp-content\/uploads\/2021\/07\/3-300x300.jpg 300w, https:\/\/old.iwgwomenandsport.org\/wp-content\/uploads\/2021\/07\/3-1024x1024.jpg 1024w, https:\/\/old.iwgwomenandsport.org\/wp-content\/uploads\/2021\/07\/3-150x150.jpg 150w, https:\/\/old.iwgwomenandsport.org\/wp-content\/uploads\/2021\/07\/3-768x768.jpg 768w, https:\/\/old.iwgwomenandsport.org\/wp-content\/uploads\/2021\/07\/3-12x12.jpg 12w, https:\/\/old.iwgwomenandsport.org\/wp-content\/uploads\/2021\/07\/3-50x50.jpg 50w, https:\/\/old.iwgwomenandsport.org\/wp-content\/uploads\/2021\/07\/3-30x30.jpg 30w, https:\/\/old.iwgwomenandsport.org\/wp-content\/uploads\/2021\/07\/3-100x100.jpg 100w, https:\/\/old.iwgwomenandsport.org\/wp-content\/uploads\/2021\/07\/3-200x200.jpg 200w, https:\/\/old.iwgwomenandsport.org\/wp-content\/uploads\/2021\/07\/3-110x110.jpg 110w, https:\/\/old.iwgwomenandsport.org\/wp-content\/uploads\/2021\/07\/3-360x360.jpg 360w, https:\/\/old.iwgwomenandsport.org\/wp-content\/uploads\/2021\/07\/3-83x83.jpg 83w, https:\/\/old.iwgwomenandsport.org\/wp-content\/uploads\/2021\/07\/3-250x250.jpg 250w, https:\/\/old.iwgwomenandsport.org\/wp-content\/uploads\/2021\/07\/3.jpg 1080w\" sizes=\"auto, (max-width: 300px) 100vw, 300px\" \/><\/p>\n<p><span style=\"font-family: helvetica, arial, sans-serif; font-size: 8pt;\"><em>Photo: From left to right; Nicky van den Bos, Sha\u0144ee Kiriau, Peta Forrest <\/em><\/span><\/p>\n<p><span style=\"font-family: helvetica, arial, sans-serif; font-size: 12pt;\">The global operational activity for the IWG and 8th IWG World Conference on Women &amp; Sport is delivered by the IWG Secretariat Team.<\/span><\/p>\n<!-- AddThis Advanced Settings generic via filter on the_content --><!-- AddThis Share Buttons generic via filter on the_content -->","protected":false},"excerpt":{"rendered":"<p>\u00a0\u00a0 &nbsp; &nbsp; &nbsp; &nbsp; &nbsp; &nbsp; &nbsp; Following a competitive bid in 2018, New Zealand won the right to become international host nation for\u2026 <a href=\"https:\/\/old.iwgwomenandsport.org\/es\/about\/iwg-secretariat\/secretariat-2018-2022\/\">Read More &raquo;<\/a><\/p>","protected":false},"author":4,"featured_media":0,"parent":663,"menu_order":0,"comment_status":"closed","ping_status":"closed","template":"","meta":{"_acf_changed":false,"_monsterinsights_skip_tracking":false,"_monsterinsights_sitenote_active":false,"_monsterinsights_sitenote_note":"","_monsterinsights_sitenote_category":0,"footnotes":""},"class_list":["post-1203","page","type-page","status-publish","hentry"],"acf":[],"_links":{"self":[{"href":"https:\/\/old.iwgwomenandsport.org\/es\/wp-json\/wp\/v2\/pages\/1203","targetHints":{"allow":["GET"]}}],"collection":[{"href":"https:\/\/old.iwgwomenandsport.org\/es\/wp-json\/wp\/v2\/pages"}],"about":[{"href":"https:\/\/old.iwgwomenandsport.org\/es\/wp-json\/wp\/v2\/types\/page"}],"author":[{"embeddable":true,"href":"https:\/\/old.iwgwomenandsport.org\/es\/wp-json\/wp\/v2\/users\/4"}],"replies":[{"embeddable":true,"href":"https:\/\/old.iwgwomenandsport.org\/es\/wp-json\/wp\/v2\/comments?post=1203"}],"version-history":[{"count":35,"href":"https:\/\/old.iwgwomenandsport.org\/es\/wp-json\/wp\/v2\/pages\/1203\/revisions"}],"predecessor-version":[{"id":7486,"href":"https:\/\/old.iwgwomenandsport.org\/es\/wp-json\/wp\/v2\/pages\/1203\/revisions\/7486"}],"up":[{"embeddable":true,"href":"https:\/\/old.iwgwomenandsport.org\/es\/wp-json\/wp\/v2\/pages\/663"}],"wp:attachment":[{"href":"https:\/\/old.iwgwomenandsport.org\/es\/wp-json\/wp\/v2\/media?parent=1203"}],"curies":[{"name":"wp","href":"https:\/\/api.w.org\/{rel}","templated":true}]}}